{"id":531,"date":"2025-01-21T21:05:47","date_gmt":"2025-01-21T14:05:47","guid":{"rendered":"https:\/\/codienlanhthienloc.com\/?page_id=531"},"modified":"2025-01-21T21:12:44","modified_gmt":"2025-01-21T14:12:44","slug":"sua-may-nuoc-nong","status":"publish","type":"page","link":"https:\/\/codienlanhthienloc.com\/index.php\/sua-may-nuoc-nong\/","title":{"rendered":"S\u1eeda m\u00e1y n\u01b0\u1edbc n\u00f3ng"},"content":{"rendered":"\n<div class=\"wp-block-group is-vertical is-layout-flex wp-container-core-group-is-layout-d7461d69 wp-block-group-is-layout-flex gtfy-4\" style=\"padding-right:var(--wp--preset--spacing--60);padding-left:var(--wp--preset--spacing--60)\">\n<h3 class=\"wp-block-heading gtfy-1\">D\u1ecbch V\u1ee5 S\u1eeda M\u00e1y N\u01b0\u1edbc N\u00f3ng T\u1ea1i Nh\u00e0 Hu\u1ebf \u2013 \u0110i\u1ec7n L\u1ea1nh THI\u00caN L\u1ed8C<\/h3>\n\n\n\n<p class=\"has-foreground-color has-text-color has-link-color wp-elements-0074a92f21704bbcad60c95c6009e899 gtfy-2\">M\u00e1y n\u01b0\u1edbc n\u00f3ng hi\u1ec7n nay \u0111\u00e3 tr\u1edf th\u00e0nh m\u1ed9t thi\u1ebft b\u1ecb kh\u00f4ng th\u1ec3 thi\u1ebfu trong m\u1ed7i gia \u0111\u00ecnh, gi\u00fap cung c\u1ea5p n\u01b0\u1edbc n\u00f3ng li\u00ean t\u1ee5c ph\u1ee5c v\u1ee5 nhu c\u1ea7u sinh ho\u1ea1t h\u00e0ng ng\u00e0y. V\u00ec v\u1eady, vi\u1ec7c \u0111\u1ea3m b\u1ea3o m\u00e1y n\u01b0\u1edbc n\u00f3ng ho\u1ea1t \u0111\u1ed9ng \u1ed5n \u0111\u1ecbnh l\u00e0 v\u00f4 c\u00f9ng quan tr\u1ecdng.<\/p>\n\n\n\n<p class=\"has-foreground-color has-text-color has-link-color wp-elements-424fc69160b0a58ed02a0d5a93671ad4 gtfy-3\">Ch\u00fang t\u00f4i cung c\u1ea5p d\u1ecbch v\u1ee5 s\u1eeda ch\u1eefa t\u1ea5t c\u1ea3 c\u00e1c lo\u1ea1i m\u00e1y n\u01b0\u1edbc n\u00f3ng, bao g\u1ed3m m\u00e1y n\u01b0\u1edbc n\u00f3ng tr\u1ef1c ti\u1ebfp v\u00e0 m\u00e1y n\u01b0\u1edbc n\u00f3ng gi\u00e1n ti\u1ebfp t\u1ea1i nh\u00e0. Khi m\u00e1y n\u01b0\u1edbc n\u00f3ng c\u1ee7a b\u1ea1n g\u1eb7p s\u1ef1 c\u1ed1, \u0111\u1eebng ng\u1ea7n ng\u1ea1i nh\u1ea5c m\u00e1y v\u00e0 g\u1ecdi ngay cho ch\u00fang t\u00f4i qua s\u1ed1 <strong>0943 431 119<\/strong> \u0111\u1ec3 \u0111\u01b0\u1ee3c h\u1ed7 tr\u1ee3 nhanh ch\u00f3ng v\u00e0 hi\u1ec7u qu\u1ea3 nh\u1ea5t.<\/p>\n<\/div>\n\n\n\n<div class=\"wp-block-group is-vertical is-content-justification-center is-layout-flex wp-container-core-group-is-layout-ce155fab wp-block-group-is-layout-flex gtfy-8\">\n<figure class=\"wp-block-image size-full is-resized gtfy-7\"><img loading=\"lazy\" decoding=\"async\" width=\"1000\" height=\"667\" src=\"https:\/\/codienlanhthienloc.com\/wp-content\/uploads\/2025\/01\/image-12.png\" alt=\"\" class=\"wp-image-536\" style=\"width:618px\" srcset=\"https:\/\/codienlanhthienloc.com\/wp-content\/uploads\/2025\/01\/image-12.png 1000w, https:\/\/codienlanhthienloc.com\/wp-content\/uploads\/2025\/01\/image-12-300x200.png 300w, https:\/\/codienlanhthienloc.com\/wp-content\/uploads\/2025\/01\/image-12-768x512.png 768w\" sizes=\"auto, (max-width: 1000px) 100vw, 1000px\" \/><figcaption class=\"wp-element-caption\">S\u1eeda m\u00e1y n\u01b0\u1edbc n\u00f3ng t\u1ea1i nh\u00e0<\/figcaption><\/figure>\n<\/div>\n\n\n\n<div class=\"wp-block-group is-vertical is-content-justification-left is-layout-flex wp-container-core-group-is-layout-306ce684 wp-block-group-is-layout-flex gtfy-26\" style=\"padding-right:var(--wp--preset--spacing--60);padding-left:var(--wp--preset--spacing--60)\">\n<h3 class=\"wp-block-heading gtfy-11\">\u0110i\u1ec7n L\u1ea1nh THI\u00caN L\u1ed8C &#8211; D\u1ecbch V\u1ee5 S\u1eeda M\u00e1y N\u01b0\u1edbc N\u00f3ng T\u1ea1i Nh\u00e0 Hu\u1ebf<\/h3>\n\n\n\n<p class=\"has-foreground-color has-text-color has-link-color wp-elements-5dd5aebd241d01fee25badcc5f41fdea gtfy-12\">V\u1edbi s\u1ef1 thay \u0111\u1ed5i th\u1ea5t th\u01b0\u1eddng c\u1ee7a th\u1eddi ti\u1ebft, m\u00e1y n\u01b0\u1edbc n\u00f3ng c\u00f3 th\u1ec3 g\u1eb7p ph\u1ea3i nh\u1eefng s\u1ef1 c\u1ed1 ngo\u00e0i \u00fd mu\u1ed1n, l\u00e0m gi\u00e1n \u0111o\u1ea1n cu\u1ed9c s\u1ed1ng sinh ho\u1ea1t c\u1ee7a gia \u0111\u00ecnh b\u1ea1n. Tuy nhi\u00ean, \u0111\u1eebng lo, \u0110i\u1ec7n l\u1ea1nh THI\u00caN L\u1ed8C lu\u00f4n s\u1eb5n s\u00e0ng gi\u00fap b\u1ea1n kh\u1eafc ph\u1ee5c v\u1ea5n \u0111\u1ec1 n\u00e0y, v\u1edbi d\u1ecbch v\u1ee5 s\u1eeda m\u00e1y n\u01b0\u1edbc n\u00f3ng nhanh ch\u00f3ng v\u00e0 hi\u1ec7u qu\u1ea3, c\u00f9ng m\u1ee9c gi\u00e1 h\u1ee3p l\u00fd.<\/p>\n\n\n\n<p class=\"has-foreground-color has-text-color has-link-color wp-elements-4251badff938a8bb83bce1045739021a gtfy-13\">Ch\u00fang t\u00f4i chuy\u00ean s\u1eeda ch\u1eefa c\u00e1c d\u00f2ng m\u00e1y n\u01b0\u1edbc n\u00f3ng c\u1ee7a nhi\u1ec1u th\u01b0\u01a1ng hi\u1ec7u n\u1ed5i ti\u1ebfng nh\u01b0 Panasonic, Toshiba, Ariston, Centon, Electrolux, Ferroli, Atlantic v\u00e0 nhi\u1ec1u th\u01b0\u01a1ng hi\u1ec7u kh\u00e1c.<\/p>\n\n\n\n<p class=\"has-foreground-color has-text-color has-link-color wp-elements-f11982270cfdc955901a927f4c40db99 gtfy-14\">V\u1edbi \u0111\u1ed9i ng\u0169 nh\u00e2n vi\u00ean t\u1eadn t\u00e2m, c\u00f3 nhi\u1ec1u n\u0103m kinh nghi\u1ec7m trong ngh\u1ec1, ch\u00fang t\u00f4i lu\u00f4n l\u00e0m h\u00e0i l\u00f2ng kh\u00e1ch h\u00e0ng, k\u1ec3 c\u1ea3 nh\u1eefng kh\u00e1ch h\u00e0ng kh\u00f3 t\u00ednh nh\u1ea5t. S\u1ef1 th\u00e0nh c\u00f4ng c\u1ee7a \u0110i\u1ec7n l\u1ea1nh THI\u00caN L\u1ed8C l\u00e0 nh\u1edd v\u00e0o s\u1ef1 tin t\u01b0\u1edfng v\u00e0 \u1ee7ng h\u1ed9 c\u1ee7a kh\u00e1ch h\u00e0ng trong su\u1ed1t th\u1eddi gian qua. Ch\u00fang t\u00f4i t\u1ef1 h\u00e0o l\u00e0 \u0111\u01a1n v\u1ecb \u0111\u00e1ng tin c\u1eady trong ng\u00e0nh s\u1eeda ch\u1eefa \u0111i\u1ec7n l\u1ea1nh.<\/p>\n\n\n\n<p class=\"has-foreground-color has-text-color has-link-color wp-elements-3fab5dab9ce74689818879fd24347c4f gtfy-15\">M\u1ed9t s\u1ed1 h\u01b0 h\u1ecfng th\u01b0\u1eddng g\u1eb7p tr\u00ean m\u00e1y n\u01b0\u1edbc n\u00f3ng:<\/p>\n\n\n\n<ul class=\"wp-block-list gtfy-19\">\n<li class=\"has-foreground-color has-text-color has-link-color wp-elements-a8e026628f1ff6a21b3b527c7864fea0 gtfy-16 gutenify-list-item\">M\u1ea5t ngu\u1ed3n<\/li>\n\n\n\n<li class=\"has-foreground-color has-text-color has-link-color wp-elements-1cc8cfdb8fbbd516479a3b1c0fe410c4 gtfy-17 gutenify-list-item\">M\u00e1y ho\u1ea1t \u0111\u1ed9ng nh\u01b0ng kh\u00f4ng n\u00f3ng<\/li>\n\n\n\n<li class=\"has-foreground-color has-text-color has-link-color wp-elements-81c55680a62cd6f8ce3a7dcac11da23a gtfy-18 gutenify-list-item\">Ch\u1ebft IC<\/li>\n<\/ul>\n\n\n\n<h3 class=\"wp-block-heading gtfy-20\">\u0110\u1ebfn v\u1edbi d\u1ecbch v\u1ee5 s\u1eeda m\u00e1y n\u01b0\u1edbc n\u00f3ng c\u1ee7a ch\u00fang t\u00f4i, kh\u00e1ch h\u00e0ng s\u1ebd nh\u1eadn \u0111\u01b0\u1ee3c:<\/h3>\n\n\n\n<ul class=\"wp-block-list gtfy-25\">\n<li class=\"has-foreground-color has-text-color has-link-color wp-elements-9a2e509ca0a45d479699f3ec2b491089 gtfy-21 gutenify-list-item\"><strong>T\u01b0 v\u1ea5n ch\u00ednh x\u00e1c b\u1ec7nh<\/strong><\/li>\n\n\n\n<li class=\"has-foreground-color has-text-color has-link-color wp-elements-ea347cad8d4bcb8bf29c0df0b2e905af gtfy-22 gutenify-list-item\"><strong>S\u1eeda ch\u1eefa d\u1ee9t \u0111i\u1ec3m trong m\u1ed9t l\u1ea7n<\/strong><\/li>\n\n\n\n<li class=\"has-foreground-color has-text-color has-link-color wp-elements-dc4d3ba0e84f2027485b281b0750e550 gtfy-23 gutenify-list-item\"><strong>Thay th\u1ebf linh ki\u1ec7n ch\u00ednh h\u00e3ng<\/strong><\/li>\n\n\n\n<li class=\"has-foreground-color has-text-color has-link-color wp-elements-1865e223710c98bc80ebdedb4a1e8e0c gtfy-24 gutenify-list-item\"><strong>Ch\u1ebf \u0111\u1ed9 b\u1ea3o h\u00e0nh l\u00ean \u0111\u1ebfn 6 th\u00e1ng<\/strong><\/li>\n<\/ul>\n<\/div>\n\n\n\n<div class=\"wp-block-group is-vertical is-content-justification-center is-layout-flex wp-container-core-group-is-layout-ce155fab wp-block-group-is-layout-flex gtfy-30\">\n<figure class=\"wp-block-image size-large is-resized gtfy-29\"><img loading=\"lazy\" decoding=\"async\" width=\"1024\" height=\"768\" src=\"https:\/\/codienlanhthienloc.com\/wp-content\/uploads\/2025\/01\/image-13-1024x768.png\" alt=\"\" class=\"wp-image-538\" style=\"width:618px\" srcset=\"https:\/\/codienlanhthienloc.com\/wp-content\/uploads\/2025\/01\/image-13-1024x768.png 1024w, https:\/\/codienlanhthienloc.com\/wp-content\/uploads\/2025\/01\/image-13-300x225.png 300w, https:\/\/codienlanhthienloc.com\/wp-content\/uploads\/2025\/01\/image-13-768x576.png 768w, https:\/\/codienlanhthienloc.com\/wp-content\/uploads\/2025\/01\/image-13-1536x1152.png 1536w, https:\/\/codienlanhthienloc.com\/wp-content\/uploads\/2025\/01\/image-13.png 1920w\" sizes=\"auto, (max-width: 1024px) 100vw, 1024px\" \/><figcaption class=\"wp-element-caption\">\u0110\u1ed9i ng\u0169 nh\u00e2n vi\u00ean chuy\u00ean nghi\u1ec7p<\/figcaption><\/figure>\n<\/div>\n\n\n\n<div class=\"wp-block-group is-vertical is-layout-flex wp-container-core-group-is-layout-d7461d69 wp-block-group-is-layout-flex gtfy-41\" style=\"padding-right:var(--wp--preset--spacing--60);padding-left:var(--wp--preset--spacing--60)\">\n<p class=\"has-foreground-color has-text-color has-link-color wp-elements-b8258f139c091627ef7c3192ea7f57b7 gtfy-33\">Nh\u1eb1m \u0111\u00e1p \u1ee9ng t\u1ed1t nh\u1ea5t c\u00e1c nhu c\u1ea7u thi\u1ebft y\u1ebfu v\u1ec1 d\u1ecbch v\u1ee5 v\u00e0 l\u1eafng nghe \u00fd ki\u1ebfn \u0111\u00f3ng g\u00f3p c\u1ee7a kh\u00e1ch h\u00e0ng, \u0110i\u1ec7n l\u1ea1nh THI\u00caN L\u1ed8C cung c\u1ea5p \u0111\u1ea7y \u0111\u1ee7 th\u00f4ng tin \u0111\u1ec3 qu\u00fd kh\u00e1ch d\u1ec5 d\u00e0ng tham kh\u1ea3o c\u00e1c d\u1ecbch v\u1ee5 \u0111ang tri\u1ec3n khai.<\/p>\n\n\n\n<p class=\"has-foreground-color has-text-color has-link-color wp-elements-9f095ce2c4ff8fa21b125b46b3e87512 gtfy-34\">M\u1ecdi \u00fd ki\u1ebfn \u0111\u00f3ng g\u00f3p v\u00e0 y\u00eau c\u1ea7u h\u1ed7 tr\u1ee3, vui l\u00f2ng li\u00ean h\u1ec7:<\/p>\n\n\n\n<ul class=\"wp-block-list gtfy-39\">\n<li class=\"has-foreground-color has-text-color has-link-color wp-elements-ab0b66e15964a65ba03f9fcdc97b4740 gtfy-35 gutenify-list-item\"><strong>Hotline<\/strong>: 0943 431 119<\/li>\n\n\n\n<li class=\"has-foreground-color has-text-color has-link-color wp-elements-604c83a3caf9050eaf387476e306d9c8 gtfy-36 gutenify-list-item\"><strong>Email<\/strong>:\u00a0<a href=\"mailto:dienlanhthienloc@gmail.com\">dienlanhthienloc@gmail.com<\/a><\/li>\n\n\n\n<li class=\"has-foreground-color has-text-color has-link-color wp-elements-1513df2ad4bb75a392aec7f130878f62 gtfy-37 gutenify-list-item\"><strong>Website<\/strong>:\u00a0<a href=\"https:\/\/codienlanhthienloc.com\/\">https:\/\/codienlanhthienloc.com\/<\/a><\/li>\n\n\n\n<li class=\"has-foreground-color has-text-color has-link-color wp-elements-ccbe09a5f6558304b49a37661798d64a gtfy-38 gutenify-list-item\"><strong>\u0110\u1ecba ch\u1ec9<\/strong>: 5 Nguy\u1ec5n Tr\u00e3i, Thu\u1eadn Ho\u00e0, Hu\u1ebf, Th\u00e0nh ph\u1ed1 Hu\u1ebf<\/li>\n<\/ul>\n\n\n\n<p class=\"has-foreground-color has-text-color has-link-color wp-elements-e168a33bb12dac25f08c7315169dbc94 gtfy-40\">H\u00e2n h\u1ea1nh \u0111\u01b0\u1ee3c ph\u1ee5c v\u1ee5 qu\u00fd kh\u00e1ch!<\/p>\n<\/div>\n","protected":false},"excerpt":{"rendered":"<p>D\u1ecbch V\u1ee5 S\u1eeda M\u00e1y N\u01b0\u1edbc N\u00f3ng T\u1ea1i Nh\u00e0 Hu\u1ebf \u2013 \u0110i\u1ec7n L\u1ea1nh THI\u00caN L\u1ed8C M\u00e1y [&hellip;]<\/p>\n","protected":false},"author":1,"featured_media":0,"parent":0,"menu_order":0,"comment_status":"closed","ping_status":"closed","template":"","meta":{"footnotes":""},"class_list":["post-531","page","type-page","status-publish","hentry"],"yoast_head":"<!-- This site is optimized with the Yoast SEO plugin v26.3 - https:\/\/yoast.com\/wordpress\/plugins\/seo\/ -->\n<title>S\u1eeda m\u00e1y n\u01b0\u1edbc n\u00f3ng - \u0110i\u1ec7n l\u1ea1nh Thi\u00ean L\u1ed9c<\/title>\n<meta name=\"robots\" content=\"index, follow, max-snippet:-1, max-image-preview:large, max-video-preview:-1\" \/>\n<link rel=\"canonical\" href=\"https:\/\/codienlanhthienloc.com\/index.php\/sua-may-nuoc-nong\/\" \/>\n<meta property=\"og:locale\" content=\"en_US\" \/>\n<meta property=\"og:type\" content=\"article\" \/>\n<meta property=\"og:title\" content=\"S\u1eeda m\u00e1y n\u01b0\u1edbc n\u00f3ng - \u0110i\u1ec7n l\u1ea1nh Thi\u00ean L\u1ed9c\" \/>\n<meta property=\"og:description\" content=\"D\u1ecbch V\u1ee5 S\u1eeda M\u00e1y N\u01b0\u1edbc N\u00f3ng T\u1ea1i Nh\u00e0 Hu\u1ebf \u2013 \u0110i\u1ec7n L\u1ea1nh THI\u00caN L\u1ed8C M\u00e1y [&hellip;]\" \/>\n<meta property=\"og:url\" content=\"https:\/\/codienlanhthienloc.com\/index.php\/sua-may-nuoc-nong\/\" \/>\n<meta property=\"og:site_name\" content=\"\u0110i\u1ec7n l\u1ea1nh Thi\u00ean L\u1ed9c\" \/>\n<meta property=\"article:modified_time\" content=\"2025-01-21T14:12:44+00:00\" \/>\n<meta property=\"og:image\" content=\"https:\/\/codienlanhthienloc.com\/wp-content\/uploads\/2025\/01\/image-12.png\" \/>\n\t<meta property=\"og:image:width\" content=\"1000\" \/>\n\t<meta property=\"og:image:height\" content=\"667\" \/>\n\t<meta property=\"og:image:type\" content=\"image\/png\" \/>\n<meta name=\"twitter:card\" content=\"summary_large_image\" \/>\n<meta name=\"twitter:label1\" content=\"Est. reading time\" \/>\n\t<meta name=\"twitter:data1\" content=\"4 minutes\" \/>\n<script type=\"application\/ld+json\" class=\"yoast-schema-graph\">{\"@context\":\"https:\/\/schema.org\",\"@graph\":[{\"@type\":\"WebPage\",\"@id\":\"https:\/\/codienlanhthienloc.com\/index.php\/sua-may-nuoc-nong\/\",\"url\":\"https:\/\/codienlanhthienloc.com\/index.php\/sua-may-nuoc-nong\/\",\"name\":\"S\u1eeda m\u00e1y n\u01b0\u1edbc n\u00f3ng - \u0110i\u1ec7n l\u1ea1nh Thi\u00ean L\u1ed9c\",\"isPartOf\":{\"@id\":\"https:\/\/codienlanhthienloc.com\/#website\"},\"primaryImageOfPage\":{\"@id\":\"https:\/\/codienlanhthienloc.com\/index.php\/sua-may-nuoc-nong\/#primaryimage\"},\"image\":{\"@id\":\"https:\/\/codienlanhthienloc.com\/index.php\/sua-may-nuoc-nong\/#primaryimage\"},\"thumbnailUrl\":\"https:\/\/codienlanhthienloc.com\/wp-content\/uploads\/2025\/01\/image-12.png\",\"datePublished\":\"2025-01-21T14:05:47+00:00\",\"dateModified\":\"2025-01-21T14:12:44+00:00\",\"breadcrumb\":{\"@id\":\"https:\/\/codienlanhthienloc.com\/index.php\/sua-may-nuoc-nong\/#breadcrumb\"},\"inLanguage\":\"en-US\",\"potentialAction\":[{\"@type\":\"ReadAction\",\"target\":[\"https:\/\/codienlanhthienloc.com\/index.php\/sua-may-nuoc-nong\/\"]}]},{\"@type\":\"ImageObject\",\"inLanguage\":\"en-US\",\"@id\":\"https:\/\/codienlanhthienloc.com\/index.php\/sua-may-nuoc-nong\/#primaryimage\",\"url\":\"https:\/\/codienlanhthienloc.com\/wp-content\/uploads\/2025\/01\/image-12.png\",\"contentUrl\":\"https:\/\/codienlanhthienloc.com\/wp-content\/uploads\/2025\/01\/image-12.png\",\"width\":1000,\"height\":667},{\"@type\":\"BreadcrumbList\",\"@id\":\"https:\/\/codienlanhthienloc.com\/index.php\/sua-may-nuoc-nong\/#breadcrumb\",\"itemListElement\":[{\"@type\":\"ListItem\",\"position\":1,\"name\":\"Trang ch\u1ee7\",\"item\":\"https:\/\/codienlanhthienloc.com\/\"},{\"@type\":\"ListItem\",\"position\":2,\"name\":\"S\u1eeda m\u00e1y n\u01b0\u1edbc n\u00f3ng\"}]},{\"@type\":\"WebSite\",\"@id\":\"https:\/\/codienlanhthienloc.com\/#website\",\"url\":\"https:\/\/codienlanhthienloc.com\/\",\"name\":\"codienlanhthienloc.com\",\"description\":\"\u0110\u1eb7c Tr\u1ecdn Ni\u1ec1m Tin\",\"publisher\":{\"@id\":\"https:\/\/codienlanhthienloc.com\/#organization\"},\"potentialAction\":[{\"@type\":\"SearchAction\",\"target\":{\"@type\":\"EntryPoint\",\"urlTemplate\":\"https:\/\/codienlanhthienloc.com\/?s={search_term_string}\"},\"query-input\":{\"@type\":\"PropertyValueSpecification\",\"valueRequired\":true,\"valueName\":\"search_term_string\"}}],\"inLanguage\":\"en-US\"},{\"@type\":\"Organization\",\"@id\":\"https:\/\/codienlanhthienloc.com\/#organization\",\"name\":\"codienlanhthienloc.com\",\"url\":\"https:\/\/codienlanhthienloc.com\/\",\"logo\":{\"@type\":\"ImageObject\",\"inLanguage\":\"en-US\",\"@id\":\"https:\/\/codienlanhthienloc.com\/#\/schema\/logo\/image\/\",\"url\":\"https:\/\/codienlanhthienloc.com\/wp-content\/uploads\/2024\/01\/Screenshot-2024-01-20-at-21.41.27-1.png\",\"contentUrl\":\"https:\/\/codienlanhthienloc.com\/wp-content\/uploads\/2024\/01\/Screenshot-2024-01-20-at-21.41.27-1.png\",\"width\":934,\"height\":562,\"caption\":\"codienlanhthienloc.com\"},\"image\":{\"@id\":\"https:\/\/codienlanhthienloc.com\/#\/schema\/logo\/image\/\"}}]}<\/script>\n<!-- \/ Yoast SEO plugin. -->","yoast_head_json":{"title":"S\u1eeda m\u00e1y n\u01b0\u1edbc n\u00f3ng - \u0110i\u1ec7n l\u1ea1nh Thi\u00ean L\u1ed9c","robots":{"index":"index","follow":"follow","max-snippet":"max-snippet:-1","max-image-preview":"max-image-preview:large","max-video-preview":"max-video-preview:-1"},"canonical":"https:\/\/codienlanhthienloc.com\/index.php\/sua-may-nuoc-nong\/","og_locale":"en_US","og_type":"article","og_title":"S\u1eeda m\u00e1y n\u01b0\u1edbc n\u00f3ng - \u0110i\u1ec7n l\u1ea1nh Thi\u00ean L\u1ed9c","og_description":"D\u1ecbch V\u1ee5 S\u1eeda M\u00e1y N\u01b0\u1edbc N\u00f3ng T\u1ea1i Nh\u00e0 Hu\u1ebf \u2013 \u0110i\u1ec7n L\u1ea1nh THI\u00caN L\u1ed8C M\u00e1y [&hellip;]","og_url":"https:\/\/codienlanhthienloc.com\/index.php\/sua-may-nuoc-nong\/","og_site_name":"\u0110i\u1ec7n l\u1ea1nh Thi\u00ean L\u1ed9c","article_modified_time":"2025-01-21T14:12:44+00:00","og_image":[{"width":1000,"height":667,"url":"https:\/\/codienlanhthienloc.com\/wp-content\/uploads\/2025\/01\/image-12.png","type":"image\/png"}],"twitter_card":"summary_large_image","twitter_misc":{"Est. reading time":"4 minutes"},"schema":{"@context":"https:\/\/schema.org","@graph":[{"@type":"WebPage","@id":"https:\/\/codienlanhthienloc.com\/index.php\/sua-may-nuoc-nong\/","url":"https:\/\/codienlanhthienloc.com\/index.php\/sua-may-nuoc-nong\/","name":"S\u1eeda m\u00e1y n\u01b0\u1edbc n\u00f3ng - \u0110i\u1ec7n l\u1ea1nh Thi\u00ean L\u1ed9c","isPartOf":{"@id":"https:\/\/codienlanhthienloc.com\/#website"},"primaryImageOfPage":{"@id":"https:\/\/codienlanhthienloc.com\/index.php\/sua-may-nuoc-nong\/#primaryimage"},"image":{"@id":"https:\/\/codienlanhthienloc.com\/index.php\/sua-may-nuoc-nong\/#primaryimage"},"thumbnailUrl":"https:\/\/codienlanhthienloc.com\/wp-content\/uploads\/2025\/01\/image-12.png","datePublished":"2025-01-21T14:05:47+00:00","dateModified":"2025-01-21T14:12:44+00:00","breadcrumb":{"@id":"https:\/\/codienlanhthienloc.com\/index.php\/sua-may-nuoc-nong\/#breadcrumb"},"inLanguage":"en-US","potentialAction":[{"@type":"ReadAction","target":["https:\/\/codienlanhthienloc.com\/index.php\/sua-may-nuoc-nong\/"]}]},{"@type":"ImageObject","inLanguage":"en-US","@id":"https:\/\/codienlanhthienloc.com\/index.php\/sua-may-nuoc-nong\/#primaryimage","url":"https:\/\/codienlanhthienloc.com\/wp-content\/uploads\/2025\/01\/image-12.png","contentUrl":"https:\/\/codienlanhthienloc.com\/wp-content\/uploads\/2025\/01\/image-12.png","width":1000,"height":667},{"@type":"BreadcrumbList","@id":"https:\/\/codienlanhthienloc.com\/index.php\/sua-may-nuoc-nong\/#breadcrumb","itemListElement":[{"@type":"ListItem","position":1,"name":"Trang ch\u1ee7","item":"https:\/\/codienlanhthienloc.com\/"},{"@type":"ListItem","position":2,"name":"S\u1eeda m\u00e1y n\u01b0\u1edbc n\u00f3ng"}]},{"@type":"WebSite","@id":"https:\/\/codienlanhthienloc.com\/#website","url":"https:\/\/codienlanhthienloc.com\/","name":"codienlanhthienloc.com","description":"\u0110\u1eb7c Tr\u1ecdn Ni\u1ec1m Tin","publisher":{"@id":"https:\/\/codienlanhthienloc.com\/#organization"},"potentialAction":[{"@type":"SearchAction","target":{"@type":"EntryPoint","urlTemplate":"https:\/\/codienlanhthienloc.com\/?s={search_term_string}"},"query-input":{"@type":"PropertyValueSpecification","valueRequired":true,"valueName":"search_term_string"}}],"inLanguage":"en-US"},{"@type":"Organization","@id":"https:\/\/codienlanhthienloc.com\/#organization","name":"codienlanhthienloc.com","url":"https:\/\/codienlanhthienloc.com\/","logo":{"@type":"ImageObject","inLanguage":"en-US","@id":"https:\/\/codienlanhthienloc.com\/#\/schema\/logo\/image\/","url":"https:\/\/codienlanhthienloc.com\/wp-content\/uploads\/2024\/01\/Screenshot-2024-01-20-at-21.41.27-1.png","contentUrl":"https:\/\/codienlanhthienloc.com\/wp-content\/uploads\/2024\/01\/Screenshot-2024-01-20-at-21.41.27-1.png","width":934,"height":562,"caption":"codienlanhthienloc.com"},"image":{"@id":"https:\/\/codienlanhthienloc.com\/#\/schema\/logo\/image\/"}}]}},"_links":{"self":[{"href":"https:\/\/codienlanhthienloc.com\/index.php\/wp-json\/wp\/v2\/pages\/531","targetHints":{"allow":["GET"]}}],"collection":[{"href":"https:\/\/codienlanhthienloc.com\/index.php\/wp-json\/wp\/v2\/pages"}],"about":[{"href":"https:\/\/codienlanhthienloc.com\/index.php\/wp-json\/wp\/v2\/types\/page"}],"author":[{"embeddable":true,"href":"https:\/\/codienlanhthienloc.com\/index.php\/wp-json\/wp\/v2\/users\/1"}],"replies":[{"embeddable":true,"href":"https:\/\/codienlanhthienloc.com\/index.php\/wp-json\/wp\/v2\/comments?post=531"}],"version-history":[{"count":4,"href":"https:\/\/codienlanhthienloc.com\/index.php\/wp-json\/wp\/v2\/pages\/531\/revisions"}],"predecessor-version":[{"id":541,"href":"https:\/\/codienlanhthienloc.com\/index.php\/wp-json\/wp\/v2\/pages\/531\/revisions\/541"}],"wp:attachment":[{"href":"https:\/\/codienlanhthienloc.com\/index.php\/wp-json\/wp\/v2\/media?parent=531"}],"curies":[{"name":"wp","href":"https:\/\/api.w.org\/{rel}","templated":true}]}}