{"id":519,"date":"2025-01-21T20:57:56","date_gmt":"2025-01-21T13:57:56","guid":{"rendered":"https:\/\/codienlanhthienloc.com\/?page_id=519"},"modified":"2025-01-21T21:04:42","modified_gmt":"2025-01-21T14:04:42","slug":"sua-may-giac","status":"publish","type":"page","link":"https:\/\/codienlanhthienloc.com\/index.php\/sua-may-giac\/","title":{"rendered":"S\u1eeda m\u00e1y gi\u1eb7t"},"content":{"rendered":"\n<div class=\"wp-block-group is-vertical is-layout-flex wp-container-core-group-is-layout-d7461d69 wp-block-group-is-layout-flex gtfy-4\" style=\"padding-right:var(--wp--preset--spacing--60);padding-left:var(--wp--preset--spacing--60)\">\n<h3 class=\"wp-block-heading gtfy-1\">S\u1eeda M\u00e1y Gi\u1eb7t T\u1ea1i Nh\u00e0 Hu\u1ebf \u2013 \u0110i\u1ec7n L\u1ea1nh THI\u00caN L\u1ed8C<\/h3>\n\n\n\n<p class=\"has-foreground-color has-text-color has-link-color wp-elements-dedde313dab2fbed5457f74bebfb112c gtfy-2\">M\u00e1y gi\u1eb7t l\u00e0 m\u1ed9t thi\u1ebft b\u1ecb quan tr\u1ecdng trong cu\u1ed9c s\u1ed1ng hi\u1ec7n \u0111\u1ea1i, gi\u00fap ti\u1ebft ki\u1ec7m th\u1eddi gian v\u00e0 c\u00f4ng s\u1ee9c trong c\u00f4ng vi\u1ec7c gi\u1eb7t gi\u0169. Tuy nhi\u00ean, trong qu\u00e1 tr\u00ecnh s\u1eed d\u1ee5ng, m\u00e1y gi\u1eb7t c\u00f3 th\u1ec3 g\u1eb7p ph\u1ea3i nh\u1eefng s\u1ef1 c\u1ed1, h\u01b0 h\u1ecfng do nhi\u1ec1u nguy\u00ean nh\u00e2n kh\u00e1c nhau. \u0110\u1ec3 m\u00e1y gi\u1eb7t ho\u1ea1t \u0111\u1ed9ng tr\u1edf l\u1ea1i hi\u1ec7u qu\u1ea3, vi\u1ec7c t\u00ecm ki\u1ebfm m\u1ed9t \u0111\u01a1n v\u1ecb s\u1eeda ch\u1eefa chuy\u00ean nghi\u1ec7p l\u00e0 \u0111i\u1ec1u c\u1ea7n thi\u1ebft.<\/p>\n\n\n\n<p class=\"has-foreground-color has-text-color has-link-color wp-elements-739653a6fdca375cb89a3a1777061f37 gtfy-3\">V\u1edbi nhu c\u1ea7u s\u1eed d\u1ee5ng m\u00e1y gi\u1eb7t ng\u00e0y c\u00e0ng cao, nhi\u1ec1u \u0111\u01a1n v\u1ecb cung c\u1ea5p d\u1ecbch v\u1ee5 s\u1eeda ch\u1eefa \u0111\u00e3 ra \u0111\u1eddi. Tuy nhi\u00ean, vi\u1ec7c l\u1ef1a ch\u1ecdn m\u1ed9t d\u1ecbch v\u1ee5 uy t\u00edn, ch\u1ea5t l\u01b0\u1ee3ng v\u1edbi gi\u00e1 c\u1ea3 h\u1ee3p l\u00fd v\u00e0 \u0111\u1ed9i ng\u0169 nh\u00e2n vi\u00ean chuy\u00ean nghi\u1ec7p l\u00e0 \u0111i\u1ec1u quan tr\u1ecdng. \u0110i\u1ec7n l\u1ea1nh THI\u00caN L\u1ed8C v\u1edbi d\u1ecbch v\u1ee5 b\u1ea3o tr\u00ec v\u00e0 s\u1eeda ch\u1eefa m\u00e1y gi\u1eb7t uy t\u00edn, chuy\u00ean nghi\u1ec7p s\u1ebd l\u00e0 l\u1ef1a ch\u1ecdn \u0111\u00fang \u0111\u1eafn gi\u00fap b\u1ea1n gi\u1ea3i quy\u1ebft m\u1ecdi v\u1ea5n \u0111\u1ec1 v\u1edbi thi\u1ebft b\u1ecb c\u1ee7a m\u00ecnh.<\/p>\n<\/div>\n\n\n\n<div class=\"wp-block-group is-vertical is-content-justification-center is-layout-flex wp-container-core-group-is-layout-ce155fab wp-block-group-is-layout-flex gtfy-8\">\n<figure class=\"wp-block-image size-full is-resized gtfy-7\"><img loading=\"lazy\" decoding=\"async\" width=\"900\" height=\"600\" src=\"https:\/\/codienlanhthienloc.com\/wp-content\/uploads\/2025\/01\/image-9.png\" alt=\"\" class=\"wp-image-524\" style=\"width:618px;height:auto\" srcset=\"https:\/\/codienlanhthienloc.com\/wp-content\/uploads\/2025\/01\/image-9.png 900w, https:\/\/codienlanhthienloc.com\/wp-content\/uploads\/2025\/01\/image-9-300x200.png 300w, https:\/\/codienlanhthienloc.com\/wp-content\/uploads\/2025\/01\/image-9-768x512.png 768w\" sizes=\"auto, (max-width: 900px) 100vw, 900px\" \/><figcaption class=\"wp-element-caption\">S\u1eeda m\u00e1y gi\u1eb7t t\u1ea1i nh\u00e0<\/figcaption><\/figure>\n<\/div>\n\n\n\n<div class=\"wp-block-group is-vertical is-layout-flex wp-container-core-group-is-layout-d7461d69 wp-block-group-is-layout-flex gtfy-28\" style=\"padding-right:var(--wp--preset--spacing--60);padding-left:var(--wp--preset--spacing--60)\">\n<h3 class=\"wp-block-heading gtfy-11\">D\u1ecbch V\u1ee5 S\u1eeda M\u00e1y Gi\u1eb7t T\u1ea1i Nh\u00e0 Hu\u1ebf \u2013 \u0110i\u1ec7n L\u1ea1nh THI\u00caN L\u1ed8C<\/h3>\n\n\n\n<p class=\"has-foreground-color has-text-color has-link-color wp-elements-589fd5e9382f3f8ebbda52164672107f gtfy-12\">Khi \u0111\u1ebfn v\u1edbi \u0110i\u1ec7n l\u1ea1nh THI\u00caN L\u1ed8C, b\u1ea1n ho\u00e0n to\u00e0n y\u00ean t\u00e2m v\u00ec ch\u00fang t\u00f4i cam k\u1ebft:<\/p>\n\n\n\n<ul class=\"wp-block-list gtfy-18\">\n<li class=\"has-foreground-color has-text-color has-link-color wp-elements-1f70cdc672f19a436bbba5a0a3e12527 gtfy-13 gutenify-list-item\"><strong>Nh\u00e2n vi\u00ean t\u01b0 v\u1ea5n nhi\u1ec7t t\u00ecnh<\/strong> v\u00e0 chuy\u00ean nghi\u1ec7p.<\/li>\n\n\n\n<li class=\"has-foreground-color has-text-color has-link-color wp-elements-3a3bb0527cc2cf1fbab514635f5a00fa gtfy-14 gutenify-list-item\"><strong>T\u1ed1i \u01b0u chi ph\u00ed s\u1eeda ch\u1eefa<\/strong>, gi\u00fap b\u1ea1n ti\u1ebft ki\u1ec7m m\u00e0 v\u1eabn \u0111\u1ea3m b\u1ea3o ch\u1ea5t l\u01b0\u1ee3ng.<\/li>\n\n\n\n<li class=\"has-foreground-color has-text-color has-link-color wp-elements-bfa01b73bb07d37b6de786e07911e2ab gtfy-15 gutenify-list-item\"><strong>Ch\u1ebf \u0111\u1ed9 b\u1ea3o h\u00e0nh l\u00ean \u0111\u1ebfn 6 th\u00e1ng<\/strong>, mang l\u1ea1i s\u1ef1 an t\u00e2m l\u00e2u d\u00e0i.<\/li>\n\n\n\n<li class=\"has-foreground-color has-text-color has-link-color wp-elements-26435f14ded9fe5a6f08443d33e7f0eb gtfy-16 gutenify-list-item\"><strong>Linh ki\u1ec7n thay th\u1ebf ch\u00ednh h\u00e3ng<\/strong>, ph\u00f9 h\u1ee3p v\u1edbi nhu c\u1ea7u s\u1eeda ch\u1eefa.<\/li>\n\n\n\n<li class=\"has-foreground-color has-text-color has-link-color wp-elements-583d9e1fe4a6c76394092cab95014d9b gtfy-17 gutenify-list-item\"><strong>Gi\u00e1 c\u1ea3 h\u1ee3p l\u00fd<\/strong>, ph\u00f9 h\u1ee3p v\u1edbi m\u1ecdi kh\u00e1ch h\u00e0ng.<\/li>\n<\/ul>\n\n\n\n<p class=\"has-foreground-color has-text-color has-link-color wp-elements-44c9fd88b490c4410f69e10e4d583863 gtfy-19\">\u0110\u1ec3 \u0111\u1ea3m b\u1ea3o ch\u1ea5t l\u01b0\u1ee3ng d\u1ecbch v\u1ee5, ch\u00fang t\u00f4i lu\u00f4n \u0111\u1ecbnh h\u01b0\u1edbng nh\u00e2n vi\u00ean \u0111i \u0111\u00fang h\u01b0\u1edbng, li\u00ean t\u1ee5c <strong>b\u1ed3i d\u01b0\u1ee1ng k\u1ef9 n\u0103ng chuy\u00ean m\u00f4n<\/strong> v\u00e0 <strong>l\u1eafng nghe nhu c\u1ea7u c\u1ee7a kh\u00e1ch h\u00e0ng<\/strong> \u0111\u1ec3 mang l\u1ea1i d\u1ecbch v\u1ee5 t\u1ed1t nh\u1ea5t.<\/p>\n\n\n\n<p class=\"has-foreground-color has-text-color has-link-color wp-elements-8868d4cca8afd4d452da95f7952d4b09 gtfy-20\">Khi s\u1eed d\u1ee5ng d\u1ecbch v\u1ee5 c\u1ee7a ch\u00fang t\u00f4i, kh\u00e1ch h\u00e0ng s\u1ebd nh\u1eadn \u0111\u01b0\u1ee3c:<\/p>\n\n\n\n<ul class=\"wp-block-list gtfy-25\">\n<li class=\"has-foreground-color has-text-color has-link-color wp-elements-d69e8b4da6dceab39d487c6f5b99448c gtfy-21 gutenify-list-item\"><strong>Th\u00e1i \u0111\u1ed9 ph\u1ee5c v\u1ee5 chuy\u00ean nghi\u1ec7p<\/strong>, t\u1eadn t\u00e2m.<\/li>\n\n\n\n<li class=\"has-foreground-color has-text-color has-link-color wp-elements-307504973c35261079a478cc958c13c5 gtfy-22 gutenify-list-item\"><strong>Ch\u1ea9n \u0111o\u00e1n \u0111\u00fang b\u1ec7nh<\/strong>, s\u1eeda ch\u1eefa tri\u1ec7t \u0111\u1ec3 trong m\u1ed9t l\u1ea7n.<\/li>\n\n\n\n<li class=\"has-foreground-color has-text-color has-link-color wp-elements-48874b1e8a39c144587bf9e02ff51d5a gtfy-23 gutenify-list-item\"><strong>X\u1eed l\u00fd nhanh g\u1ecdn<\/strong>, ti\u1ebft ki\u1ec7m th\u1eddi gian c\u1ee7a b\u1ea1n.<\/li>\n\n\n\n<li class=\"has-foreground-color has-text-color has-link-color wp-elements-23431b25f72fc0e6ef81ae34de7e1866 gtfy-24 gutenify-list-item\">V\u1edbi nh\u1eefng tr\u01b0\u1eddng h\u1ee3p kh\u00f4ng th\u1ec3 s\u1eeda t\u1ea1i nh\u00e0, ch\u00fang t\u00f4i s\u1ebd <strong>vi\u1ebft h\u00f3a \u0111\u01a1n v\u00e0 mang m\u00e1y v\u1ec1 x\u01b0\u1edfng ki\u1ec3m tra<\/strong>, th\u1eddi gian t\u1ed1i thi\u1ec3u l\u00e0 <strong>1 ng\u00e0y<\/strong> \u0111\u1ec3 b\u00e0n giao l\u1ea1i cho kh\u00e1ch.<\/li>\n<\/ul>\n\n\n\n<p class=\"has-foreground-color has-text-color has-link-color wp-elements-8b12c90843cee4136f598f9725469249 gtfy-26\">Ch\u00fang t\u00f4i chuy\u00ean s\u1eeda c\u00e1c d\u00f2ng m\u00e1y gi\u1eb7t c\u1ee7a c\u00e1c th\u01b0\u01a1ng hi\u1ec7u n\u1ed5i ti\u1ebfng nh\u01b0: Toshiba, Panasonic, Samsung, Electrolux, AQUA, LG, v\u00e0 nhi\u1ec1u th\u01b0\u01a1ng hi\u1ec7u kh\u00e1c.<\/p>\n\n\n\n<p class=\"has-foreground-color has-text-color has-link-color wp-elements-e92d6821279f3222246a4fa7928ad744 gtfy-27\">V\u1edbi \u0111\u1ed9i ng\u0169 k\u1ef9 thu\u1eadt vi\u00ean gi\u00e0u kinh nghi\u1ec7m trong ng\u00e0nh s\u1eeda ch\u1eefa \u0111i\u1ec7n l\u1ea1nh, \u0110i\u1ec7n l\u1ea1nh THI\u00caN L\u1ed8C t\u1ef1 h\u00e0o l\u00e0 \u0111\u01a1n v\u1ecb ti\u00ean phong trong vi\u1ec7c <strong>s\u1eeda ch\u1eefa chuy\u00ean s\u00e2u<\/strong> c\u00e1c s\u1ef1 c\u1ed1 th\u01b0\u1eddng g\u1eb7p c\u1ee7a m\u00e1y gi\u1eb7t, mang \u0111\u1ebfn cho kh\u00e1ch h\u00e0ng s\u1ef1 h\u00e0i l\u00f2ng tuy\u1ec7t \u0111\u1ed1i.<\/p>\n<\/div>\n\n\n\n<div class=\"wp-block-group is-vertical is-content-justification-center is-layout-flex wp-container-core-group-is-layout-ce155fab wp-block-group-is-layout-flex gtfy-32\">\n<figure class=\"wp-block-image size-full is-resized gtfy-31\"><img loading=\"lazy\" decoding=\"async\" width=\"1000\" height=\"667\" src=\"https:\/\/codienlanhthienloc.com\/wp-content\/uploads\/2025\/01\/image-11.png\" alt=\"\" class=\"wp-image-528\" style=\"width:618px\" srcset=\"https:\/\/codienlanhthienloc.com\/wp-content\/uploads\/2025\/01\/image-11.png 1000w, https:\/\/codienlanhthienloc.com\/wp-content\/uploads\/2025\/01\/image-11-300x200.png 300w, https:\/\/codienlanhthienloc.com\/wp-content\/uploads\/2025\/01\/image-11-768x512.png 768w\" sizes=\"auto, (max-width: 1000px) 100vw, 1000px\" \/><figcaption class=\"wp-element-caption\">\u0110\u1ed9i ng\u0169 nh\u00e2n vi\u00ean chuy\u00ean nghi\u1ec7p<\/figcaption><\/figure>\n<\/div>\n\n\n\n<div class=\"wp-block-group is-vertical is-content-justification-left is-layout-flex wp-container-core-group-is-layout-306ce684 wp-block-group-is-layout-flex gtfy-43\" style=\"padding-right:var(--wp--preset--spacing--60);padding-left:var(--wp--preset--spacing--60)\">\n<p class=\"has-foreground-color has-text-color has-link-color wp-elements-b8258f139c091627ef7c3192ea7f57b7 gtfy-35\">Nh\u1eb1m \u0111\u00e1p \u1ee9ng t\u1ed1t nh\u1ea5t c\u00e1c nhu c\u1ea7u thi\u1ebft y\u1ebfu v\u1ec1 d\u1ecbch v\u1ee5 v\u00e0 l\u1eafng nghe \u00fd ki\u1ebfn \u0111\u00f3ng g\u00f3p c\u1ee7a kh\u00e1ch h\u00e0ng, \u0110i\u1ec7n l\u1ea1nh THI\u00caN L\u1ed8C cung c\u1ea5p \u0111\u1ea7y \u0111\u1ee7 th\u00f4ng tin \u0111\u1ec3 qu\u00fd kh\u00e1ch d\u1ec5 d\u00e0ng tham kh\u1ea3o c\u00e1c d\u1ecbch v\u1ee5 \u0111ang tri\u1ec3n khai.<\/p>\n\n\n\n<p class=\"has-foreground-color has-text-color has-link-color wp-elements-9f095ce2c4ff8fa21b125b46b3e87512 gtfy-36\">M\u1ecdi \u00fd ki\u1ebfn \u0111\u00f3ng g\u00f3p v\u00e0 y\u00eau c\u1ea7u h\u1ed7 tr\u1ee3, vui l\u00f2ng li\u00ean h\u1ec7:<\/p>\n\n\n\n<ul class=\"wp-block-list gtfy-41\">\n<li class=\"has-foreground-color has-text-color has-link-color wp-elements-ab0b66e15964a65ba03f9fcdc97b4740 gtfy-37 gutenify-list-item\"><strong>Hotline<\/strong>: 0943 431 119<\/li>\n\n\n\n<li class=\"has-foreground-color has-text-color has-link-color wp-elements-604c83a3caf9050eaf387476e306d9c8 gtfy-38 gutenify-list-item\"><strong>Email<\/strong>:\u00a0<a href=\"mailto:dienlanhthienloc@gmail.com\">dienlanhthienloc@gmail.com<\/a><\/li>\n\n\n\n<li class=\"has-foreground-color has-text-color has-link-color wp-elements-1513df2ad4bb75a392aec7f130878f62 gtfy-39 gutenify-list-item\"><strong>Website<\/strong>:\u00a0<a href=\"https:\/\/codienlanhthienloc.com\/\">https:\/\/codienlanhthienloc.com\/<\/a><\/li>\n\n\n\n<li class=\"has-foreground-color has-text-color has-link-color wp-elements-ccbe09a5f6558304b49a37661798d64a gtfy-40 gutenify-list-item\"><strong>\u0110\u1ecba ch\u1ec9<\/strong>: 5 Nguy\u1ec5n Tr\u00e3i, Thu\u1eadn Ho\u00e0, Hu\u1ebf, Th\u00e0nh ph\u1ed1 Hu\u1ebf<\/li>\n<\/ul>\n\n\n\n<p class=\"has-foreground-color has-text-color has-link-color wp-elements-e168a33bb12dac25f08c7315169dbc94 gtfy-42\">H\u00e2n h\u1ea1nh \u0111\u01b0\u1ee3c ph\u1ee5c v\u1ee5 qu\u00fd kh\u00e1ch!<\/p>\n<\/div>\n","protected":false},"excerpt":{"rendered":"<p>S\u1eeda M\u00e1y Gi\u1eb7t T\u1ea1i Nh\u00e0 Hu\u1ebf \u2013 \u0110i\u1ec7n L\u1ea1nh THI\u00caN L\u1ed8C M\u00e1y gi\u1eb7t l\u00e0 m\u1ed9t [&hellip;]<\/p>\n","protected":false},"author":1,"featured_media":0,"parent":0,"menu_order":0,"comment_status":"closed","ping_status":"closed","template":"","meta":{"footnotes":""},"class_list":["post-519","page","type-page","status-publish","hentry"],"yoast_head":"<!-- This site is optimized with the Yoast SEO plugin v26.3 - https:\/\/yoast.com\/wordpress\/plugins\/seo\/ -->\n<title>S\u1eeda m\u00e1y gi\u1eb7t - \u0110i\u1ec7n l\u1ea1nh Thi\u00ean L\u1ed9c<\/title>\n<meta name=\"robots\" content=\"index, follow, max-snippet:-1, max-image-preview:large, max-video-preview:-1\" \/>\n<link rel=\"canonical\" href=\"https:\/\/codienlanhthienloc.com\/index.php\/sua-may-giac\/\" \/>\n<meta property=\"og:locale\" content=\"en_US\" \/>\n<meta property=\"og:type\" content=\"article\" \/>\n<meta property=\"og:title\" content=\"S\u1eeda m\u00e1y gi\u1eb7t - \u0110i\u1ec7n l\u1ea1nh Thi\u00ean L\u1ed9c\" \/>\n<meta property=\"og:description\" content=\"S\u1eeda M\u00e1y Gi\u1eb7t T\u1ea1i Nh\u00e0 Hu\u1ebf \u2013 \u0110i\u1ec7n L\u1ea1nh THI\u00caN L\u1ed8C M\u00e1y gi\u1eb7t l\u00e0 m\u1ed9t [&hellip;]\" \/>\n<meta property=\"og:url\" content=\"https:\/\/codienlanhthienloc.com\/index.php\/sua-may-giac\/\" \/>\n<meta property=\"og:site_name\" content=\"\u0110i\u1ec7n l\u1ea1nh Thi\u00ean L\u1ed9c\" \/>\n<meta property=\"article:modified_time\" content=\"2025-01-21T14:04:42+00:00\" \/>\n<meta property=\"og:image\" content=\"https:\/\/codienlanhthienloc.com\/wp-content\/uploads\/2025\/01\/image-9.png\" \/>\n\t<meta property=\"og:image:width\" content=\"900\" \/>\n\t<meta property=\"og:image:height\" content=\"600\" \/>\n\t<meta property=\"og:image:type\" content=\"image\/png\" \/>\n<meta name=\"twitter:card\" content=\"summary_large_image\" \/>\n<meta name=\"twitter:label1\" content=\"Est. reading time\" \/>\n\t<meta name=\"twitter:data1\" content=\"4 minutes\" \/>\n<script type=\"application\/ld+json\" class=\"yoast-schema-graph\">{\"@context\":\"https:\/\/schema.org\",\"@graph\":[{\"@type\":\"WebPage\",\"@id\":\"https:\/\/codienlanhthienloc.com\/index.php\/sua-may-giac\/\",\"url\":\"https:\/\/codienlanhthienloc.com\/index.php\/sua-may-giac\/\",\"name\":\"S\u1eeda m\u00e1y gi\u1eb7t - \u0110i\u1ec7n l\u1ea1nh Thi\u00ean L\u1ed9c\",\"isPartOf\":{\"@id\":\"https:\/\/codienlanhthienloc.com\/#website\"},\"primaryImageOfPage\":{\"@id\":\"https:\/\/codienlanhthienloc.com\/index.php\/sua-may-giac\/#primaryimage\"},\"image\":{\"@id\":\"https:\/\/codienlanhthienloc.com\/index.php\/sua-may-giac\/#primaryimage\"},\"thumbnailUrl\":\"https:\/\/codienlanhthienloc.com\/wp-content\/uploads\/2025\/01\/image-9.png\",\"datePublished\":\"2025-01-21T13:57:56+00:00\",\"dateModified\":\"2025-01-21T14:04:42+00:00\",\"breadcrumb\":{\"@id\":\"https:\/\/codienlanhthienloc.com\/index.php\/sua-may-giac\/#breadcrumb\"},\"inLanguage\":\"en-US\",\"potentialAction\":[{\"@type\":\"ReadAction\",\"target\":[\"https:\/\/codienlanhthienloc.com\/index.php\/sua-may-giac\/\"]}]},{\"@type\":\"ImageObject\",\"inLanguage\":\"en-US\",\"@id\":\"https:\/\/codienlanhthienloc.com\/index.php\/sua-may-giac\/#primaryimage\",\"url\":\"https:\/\/codienlanhthienloc.com\/wp-content\/uploads\/2025\/01\/image-9.png\",\"contentUrl\":\"https:\/\/codienlanhthienloc.com\/wp-content\/uploads\/2025\/01\/image-9.png\",\"width\":900,\"height\":600},{\"@type\":\"BreadcrumbList\",\"@id\":\"https:\/\/codienlanhthienloc.com\/index.php\/sua-may-giac\/#breadcrumb\",\"itemListElement\":[{\"@type\":\"ListItem\",\"position\":1,\"name\":\"Trang ch\u1ee7\",\"item\":\"https:\/\/codienlanhthienloc.com\/\"},{\"@type\":\"ListItem\",\"position\":2,\"name\":\"S\u1eeda m\u00e1y gi\u1eb7t\"}]},{\"@type\":\"WebSite\",\"@id\":\"https:\/\/codienlanhthienloc.com\/#website\",\"url\":\"https:\/\/codienlanhthienloc.com\/\",\"name\":\"codienlanhthienloc.com\",\"description\":\"\u0110\u1eb7c Tr\u1ecdn Ni\u1ec1m Tin\",\"publisher\":{\"@id\":\"https:\/\/codienlanhthienloc.com\/#organization\"},\"potentialAction\":[{\"@type\":\"SearchAction\",\"target\":{\"@type\":\"EntryPoint\",\"urlTemplate\":\"https:\/\/codienlanhthienloc.com\/?s={search_term_string}\"},\"query-input\":{\"@type\":\"PropertyValueSpecification\",\"valueRequired\":true,\"valueName\":\"search_term_string\"}}],\"inLanguage\":\"en-US\"},{\"@type\":\"Organization\",\"@id\":\"https:\/\/codienlanhthienloc.com\/#organization\",\"name\":\"codienlanhthienloc.com\",\"url\":\"https:\/\/codienlanhthienloc.com\/\",\"logo\":{\"@type\":\"ImageObject\",\"inLanguage\":\"en-US\",\"@id\":\"https:\/\/codienlanhthienloc.com\/#\/schema\/logo\/image\/\",\"url\":\"https:\/\/codienlanhthienloc.com\/wp-content\/uploads\/2024\/01\/Screenshot-2024-01-20-at-21.41.27-1.png\",\"contentUrl\":\"https:\/\/codienlanhthienloc.com\/wp-content\/uploads\/2024\/01\/Screenshot-2024-01-20-at-21.41.27-1.png\",\"width\":934,\"height\":562,\"caption\":\"codienlanhthienloc.com\"},\"image\":{\"@id\":\"https:\/\/codienlanhthienloc.com\/#\/schema\/logo\/image\/\"}}]}<\/script>\n<!-- \/ Yoast SEO plugin. -->","yoast_head_json":{"title":"S\u1eeda m\u00e1y gi\u1eb7t - \u0110i\u1ec7n l\u1ea1nh Thi\u00ean L\u1ed9c","robots":{"index":"index","follow":"follow","max-snippet":"max-snippet:-1","max-image-preview":"max-image-preview:large","max-video-preview":"max-video-preview:-1"},"canonical":"https:\/\/codienlanhthienloc.com\/index.php\/sua-may-giac\/","og_locale":"en_US","og_type":"article","og_title":"S\u1eeda m\u00e1y gi\u1eb7t - \u0110i\u1ec7n l\u1ea1nh Thi\u00ean L\u1ed9c","og_description":"S\u1eeda M\u00e1y Gi\u1eb7t T\u1ea1i Nh\u00e0 Hu\u1ebf \u2013 \u0110i\u1ec7n L\u1ea1nh THI\u00caN L\u1ed8C M\u00e1y gi\u1eb7t l\u00e0 m\u1ed9t [&hellip;]","og_url":"https:\/\/codienlanhthienloc.com\/index.php\/sua-may-giac\/","og_site_name":"\u0110i\u1ec7n l\u1ea1nh Thi\u00ean L\u1ed9c","article_modified_time":"2025-01-21T14:04:42+00:00","og_image":[{"width":900,"height":600,"url":"https:\/\/codienlanhthienloc.com\/wp-content\/uploads\/2025\/01\/image-9.png","type":"image\/png"}],"twitter_card":"summary_large_image","twitter_misc":{"Est. reading time":"4 minutes"},"schema":{"@context":"https:\/\/schema.org","@graph":[{"@type":"WebPage","@id":"https:\/\/codienlanhthienloc.com\/index.php\/sua-may-giac\/","url":"https:\/\/codienlanhthienloc.com\/index.php\/sua-may-giac\/","name":"S\u1eeda m\u00e1y gi\u1eb7t - \u0110i\u1ec7n l\u1ea1nh Thi\u00ean L\u1ed9c","isPartOf":{"@id":"https:\/\/codienlanhthienloc.com\/#website"},"primaryImageOfPage":{"@id":"https:\/\/codienlanhthienloc.com\/index.php\/sua-may-giac\/#primaryimage"},"image":{"@id":"https:\/\/codienlanhthienloc.com\/index.php\/sua-may-giac\/#primaryimage"},"thumbnailUrl":"https:\/\/codienlanhthienloc.com\/wp-content\/uploads\/2025\/01\/image-9.png","datePublished":"2025-01-21T13:57:56+00:00","dateModified":"2025-01-21T14:04:42+00:00","breadcrumb":{"@id":"https:\/\/codienlanhthienloc.com\/index.php\/sua-may-giac\/#breadcrumb"},"inLanguage":"en-US","potentialAction":[{"@type":"ReadAction","target":["https:\/\/codienlanhthienloc.com\/index.php\/sua-may-giac\/"]}]},{"@type":"ImageObject","inLanguage":"en-US","@id":"https:\/\/codienlanhthienloc.com\/index.php\/sua-may-giac\/#primaryimage","url":"https:\/\/codienlanhthienloc.com\/wp-content\/uploads\/2025\/01\/image-9.png","contentUrl":"https:\/\/codienlanhthienloc.com\/wp-content\/uploads\/2025\/01\/image-9.png","width":900,"height":600},{"@type":"BreadcrumbList","@id":"https:\/\/codienlanhthienloc.com\/index.php\/sua-may-giac\/#breadcrumb","itemListElement":[{"@type":"ListItem","position":1,"name":"Trang ch\u1ee7","item":"https:\/\/codienlanhthienloc.com\/"},{"@type":"ListItem","position":2,"name":"S\u1eeda m\u00e1y gi\u1eb7t"}]},{"@type":"WebSite","@id":"https:\/\/codienlanhthienloc.com\/#website","url":"https:\/\/codienlanhthienloc.com\/","name":"codienlanhthienloc.com","description":"\u0110\u1eb7c Tr\u1ecdn Ni\u1ec1m Tin","publisher":{"@id":"https:\/\/codienlanhthienloc.com\/#organization"},"potentialAction":[{"@type":"SearchAction","target":{"@type":"EntryPoint","urlTemplate":"https:\/\/codienlanhthienloc.com\/?s={search_term_string}"},"query-input":{"@type":"PropertyValueSpecification","valueRequired":true,"valueName":"search_term_string"}}],"inLanguage":"en-US"},{"@type":"Organization","@id":"https:\/\/codienlanhthienloc.com\/#organization","name":"codienlanhthienloc.com","url":"https:\/\/codienlanhthienloc.com\/","logo":{"@type":"ImageObject","inLanguage":"en-US","@id":"https:\/\/codienlanhthienloc.com\/#\/schema\/logo\/image\/","url":"https:\/\/codienlanhthienloc.com\/wp-content\/uploads\/2024\/01\/Screenshot-2024-01-20-at-21.41.27-1.png","contentUrl":"https:\/\/codienlanhthienloc.com\/wp-content\/uploads\/2024\/01\/Screenshot-2024-01-20-at-21.41.27-1.png","width":934,"height":562,"caption":"codienlanhthienloc.com"},"image":{"@id":"https:\/\/codienlanhthienloc.com\/#\/schema\/logo\/image\/"}}]}},"_links":{"self":[{"href":"https:\/\/codienlanhthienloc.com\/index.php\/wp-json\/wp\/v2\/pages\/519","targetHints":{"allow":["GET"]}}],"collection":[{"href":"https:\/\/codienlanhthienloc.com\/index.php\/wp-json\/wp\/v2\/pages"}],"about":[{"href":"https:\/\/codienlanhthienloc.com\/index.php\/wp-json\/wp\/v2\/types\/page"}],"author":[{"embeddable":true,"href":"https:\/\/codienlanhthienloc.com\/index.php\/wp-json\/wp\/v2\/users\/1"}],"replies":[{"embeddable":true,"href":"https:\/\/codienlanhthienloc.com\/index.php\/wp-json\/wp\/v2\/comments?post=519"}],"version-history":[{"count":5,"href":"https:\/\/codienlanhthienloc.com\/index.php\/wp-json\/wp\/v2\/pages\/519\/revisions"}],"predecessor-version":[{"id":530,"href":"https:\/\/codienlanhthienloc.com\/index.php\/wp-json\/wp\/v2\/pages\/519\/revisions\/530"}],"wp:attachment":[{"href":"https:\/\/codienlanhthienloc.com\/index.php\/wp-json\/wp\/v2\/media?parent=519"}],"curies":[{"name":"wp","href":"https:\/\/api.w.org\/{rel}","templated":true}]}}